{"id":199,"date":"2017-08-05T14:01:11","date_gmt":"2017-08-05T14:01:11","guid":{"rendered":"http:\/\/127.0.0.1:4001\/wordpress\/?page_id=199"},"modified":"2017-08-05T14:01:47","modified_gmt":"2017-08-05T14:01:47","slug":"199-2","status":"publish","type":"page","link":"https:\/\/www.apa-alessano.com\/?page_id=199","title":{"rendered":"&#8216;Nc&#8217;Era Nna Fiata&#8230;"},"content":{"rendered":"<h3 style=\"text-align: center;\">A. CALSOLARO &#8211; A. MELCARNE<\/h3>\n<h1 style=\"text-align: center;\">\u00a0\u00a0\u00a0\u00a0 &#8216;NC\u2019ERA NNA FIATA&#8230;<\/h1>\n<h2 style=\"text-align: center;\">(Cunti, culacchi e canti<\/h2>\n<h2 style=\"text-align: center;\">\u00a0della tradizione orale di Alessano)<\/h2>\n<h3 style=\"text-align: center;\"><\/h3>\n<h3 style=\"text-align: center;\">Prefazione di<\/h3>\n<h3 style=\"text-align: center;\">ANNA MERENDINO<\/h3>\n<h4 style=\"text-align: center;\"><\/h4>\n<h4 style=\"text-align: center;\">A.P.A.<\/h4>\n<h4 style=\"text-align: center;\">Associazione per la Promozione di Alessano<\/h4>\n<p>Nel Salento, e comunque in tutto il meridione d\u2019Italia, i progressi della tecnologia e gli agi del benessere non hanno del tutto offuscato l\u2019amore e la stima per quanto ci giunge dalle generazioni che ci hanno preceduto: esiste ancora una valida tradizione orale che, bench\u00e8 stenti a sopravvivere, conserva intatti i valori della cultura del passato. Perci\u00f2, prima che questo prezioso patrimonio scompaia del tutto o venga notevolmente stravolto, \u00e8 bene ricreare interesse e suscitare curiosit\u00e0 per ridonare fascino e vitalit\u00e0 a tutti quegli insegnamenti che hanno permesso il raggiungimento delle attuali condizioni di vita.<\/p>\n<p>Il recupero delle tradizioni orali inoltre si rende ancora pi\u00f9 urgente se si considera che il progresso attuale crea benessere e incide sullo stile di vita, sul pensiero e sul modo di fare cultura con la stessa velocit\u00e0 con cui affievolisce e cancella le memorie del passato. Eppure queste memorie conservano le esperienze e gli insegnamenti maturati nel corso dei secoli, hanno formato l\u2019attuale generazione e certamente sono valide premesse per la societ\u00e0 del futuro.<\/p>\n<p>L\u2019uomo contemporaneo, daltronde, sembra apprezzare ed avvalersi delle conquiste che si succedono, a ritmo incalzante, in tutti i settori delle attivit\u00e0 umane, da quelle della scienza e del saper a quelle della politica e dell\u2019economia, ma non sempre mostra di comprendere che tutti i progressi si basano sulle conquiste del passato.<\/p>\n<p>Raccogliere e conservare tutto ci\u00f2 che \u00e8 possibile recuperare dalla tradizione per tramandarlo alle generazioni future diventa, allora, un lavoro meritevole di attenzione e coloro che con passione si dedicano a questa\u00a0 ricerca vanno apprezzati e sostenuti.<\/p>\n<p>L\u2019A.P.A. , Associazione per la Promozione di Alessano, ha voluto dare concretezza, con questa pubblicazione, al lavoro di ricerca delle tradizioni orali realizzato, con un impegno pi\u00f9 che decennale, da Maria Filippi e Antonio Calsolaro.<\/p>\n<p>Il lavoro \u00e8 ancora pi\u00f9 meritevole se si considera il fatto che da qualche decennio si \u00e8 notevolmente ridimensionata la tradizione orale come strumento indispensabile per\u00a0 fare e tramandare cultura, soprattutto tra la gente del popolo.<\/p>\n<p>I mass media, sostituendosi prepotentemente alla tradizione orale,\u00a0 hanno creato un nuova cultura, ampliato gli orizzonti del sapere ed accellerato i tempi del progresso, ma spesso hanno trascurato i valori morali insiti nella storia delle nostre genti e non hanno creato le giuste opportunit\u00e0 per riscoprirli e valorizzarli, anzi hanno inconsciamente contribuito ad affievolirne la memoria storica se non addirittura a\u00a0 farli dimenticare del tutto.<\/p>\n<p>Con questo lavoro l\u2019associazione vuole offrire una ulteriore occasione di riflessione a quanti, studiosi o curiosi, intendano volgere lo sguardo indietro per gustare i sapori della semplicit\u00e0 e della genuinit\u00e0 di cui sono impregnate le vicende del passato.<\/p>\n<p>&nbsp;<\/p>\n<h4>\u00a0\u00a0\u00a0Il volume \u00e8 disponibile presso le librerie locali e pu\u00f2 essere richiesto direttamente all\u2019Associazione A.P.A.<\/h4>\n<p>&nbsp;<\/p>\n<p>&nbsp;<\/p>\n<p style=\"text-align: center;\">Questo volume, a cura dell\u2019A.P.A.,<\/p>\n<p style=\"text-align: center;\">\u00e8 stato impresso in seicento copie<\/p>\n<p style=\"text-align: center;\">dal laboratorio di arti grafiche IDEARTE &#8211; ALESSANO<\/p>\n<p style=\"text-align: center;\">nel mese di maggio 1998.<\/p>\n<p style=\"text-align: center;\">Bozzetti grafici di:<\/p>\n<p style=\"text-align: center;\">ROBERTO BUTTAZZO<\/p>\n<p style=\"text-align: center;\">Foto di:<\/p>\n<p style=\"text-align: center;\">LUIGI MARSIGLIANTE (copertina)<\/p>\n<p style=\"text-align: center;\">e<\/p>\n<p style=\"text-align: center;\">REMIGIO URRO (pag. 20)<\/p>\n<p style=\"text-align: center;\">Si ringraziano:<\/p>\n<p style=\"text-align: center;\">MARIA FILIPPI, MARIA CALSOLARO, GIUSEPPE LOMBARDO,<\/p>\n<p style=\"text-align: center;\">ANTONIO NICOLARDI.<\/p>\n<p style=\"text-align: center;\">La memoria di:VINCENZO CALSOLARO, GIACOMO FILIPPI, ANTONIO IMPERATO, MICHELANGELO MELCARNE, CLORINDA MONACO, LUIGI NICOLARDI, ASSUNTA PUCE.<\/p>\n<p style=\"text-align: center;\">Tutti coloro che hanno partecipato alla realizzazione di questo volume.<\/p>\n<p style=\"text-align: center;\">TUTTI I DIRITTI SONO RISERVATI AGLI AUTORI<\/p>\n<p>&nbsp;<\/p>\n<p>&nbsp;<\/p>\n<p>Il Direttivo dell\u2019A.P.A.<\/p>\n<p>&nbsp;<\/p>\n","protected":false},"excerpt":{"rendered":"<p>A. CALSOLARO &#8211; A. MELCARNE \u00a0\u00a0\u00a0\u00a0 &#8216;NC\u2019ERA NNA FIATA&#8230; (Cunti, culacchi e canti \u00a0della tradizione orale di Alessano) Prefazione di ANNA MERENDINO A.P.A. Associazione per la Promozione di Alessano Nel Salento, e comunque in tutto il meridione d\u2019Italia, i progressi della tecnologia e gli agi del benessere non hanno del tutto offuscato l\u2019amore e la [&hellip;]<\/p>\n","protected":false},"author":1,"featured_media":0,"parent":187,"menu_order":0,"comment_status":"closed","ping_status":"closed","template":"","meta":{"_lightning_design_setting":[],"vkexunit_cta_each_option":"","footnotes":""},"class_list":["post-199","page","type-page","status-publish","hentry"],"_links":{"self":[{"href":"https:\/\/www.apa-alessano.com\/index.php?rest_route=\/wp\/v2\/pages\/199","targetHints":{"allow":["GET"]}}],"collection":[{"href":"https:\/\/www.apa-alessano.com\/index.php?rest_route=\/wp\/v2\/pages"}],"about":[{"href":"https:\/\/www.apa-alessano.com\/index.php?rest_route=\/wp\/v2\/types\/page"}],"author":[{"embeddable":true,"href":"https:\/\/www.apa-alessano.com\/index.php?rest_route=\/wp\/v2\/users\/1"}],"replies":[{"embeddable":true,"href":"https:\/\/www.apa-alessano.com\/index.php?rest_route=%2Fwp%2Fv2%2Fcomments&post=199"}],"version-history":[{"count":3,"href":"https:\/\/www.apa-alessano.com\/index.php?rest_route=\/wp\/v2\/pages\/199\/revisions"}],"predecessor-version":[{"id":203,"href":"https:\/\/www.apa-alessano.com\/index.php?rest_route=\/wp\/v2\/pages\/199\/revisions\/203"}],"up":[{"embeddable":true,"href":"https:\/\/www.apa-alessano.com\/index.php?rest_route=\/wp\/v2\/pages\/187"}],"wp:attachment":[{"href":"https:\/\/www.apa-alessano.com\/index.php?rest_route=%2Fwp%2Fv2%2Fmedia&parent=199"}],"curies":[{"name":"wp","href":"https:\/\/api.w.org\/{rel}","templated":true}]}}