{"id":118,"date":"2017-06-04T13:49:20","date_gmt":"2017-06-04T13:49:20","guid":{"rendered":"http:\/\/127.0.0.1:4001\/wordpress\/?page_id=118"},"modified":"2017-10-15T16:32:40","modified_gmt":"2017-10-15T15:32:40","slug":"il-territorio","status":"publish","type":"page","link":"https:\/\/www.apa-alessano.com\/?page_id=118","title":{"rendered":"Il territorio"},"content":{"rendered":"<h1>Il Territorio<\/h1>\n<blockquote><p>\u201cAlessano, sito a mezzogiorno d Lecce, lontano chilometri 55,400, \u2026giace sulla scarpata di un Appennino che gli fa riparo a Sud-Ovest, in un punto che si eleva di 140 metri sul livello del mare, nei gradi 4, 40, 30 di long. Orientale, 39, 53, 32 di latitudine Boreale. Il clima vi \u00e8 dolce e salubre; i venti dominanti il Nord e il Sud-Ovest; le acque sotterranee abbondanti, per lo pi\u00f9 potabili a breve profondit\u00e0 dalla superficie; le piovane\u2026cadono pi\u00f9 frequenti e copiose nei mesi di gennaio, marzo, settembre, novembre e dicembre.\u201d<\/p>\n<p>\u201cL\u2019abitato si prolunga da settentrione a mezzogiorno lenemente proteso verso levante. L\u2019\u00e8 netto, quasi tutto selciato, con buona piazza e strade. Principale fra queste \u00e8 l\u2019Alessio Comneno che lo taglia per tutta la sua lunghezza, e avrebbe meritato ben altro nome, perch\u00e9 colui non fu mica il fondatore del paese ma certo straniero e nemico: con miglior senno battezzarono le altre, Rao, Storella, Letizia; Buffelli, nomi di suoi nati e cittadini illustri.\u201d<\/p>\n<p>\u201cIl Territorio contermina con quelli di Specchia a nord, di Montesardo al sud, di Tiggiano e Corsano ad est, di Presicce ad ovest: nella sua base geognostica offre svariatamente il calare compatto e l\u2019ippuritico, il tufo, il carpo, il bolo e l\u2019argilla; e nella parte vegetale, meno la contrada di levante della Matine, \u00e8 uno dei pi\u00f9 fertili del contorno. Produce principalmente molto ed ottimo olio di oliva, cereali per l\u2019annona, pochissimi vini, buon tabacco, e gran arte di verdure e camangiari, di cui provvede anche le piazze viciniori. Misura in superficie un\u2019estensione di Ettari 1605,77.\u201d<\/p>\n<p style=\"text-align: right;\"><strong>\u00a0\u00a0 Arditi Giacomo <\/strong><\/p>\n<p style=\"text-align: right;\"><strong>( \u201c<em>Corografia fisica e storica della Provincia di Terra d\u2019Otranto\u201d <\/em><\/strong><\/p>\n<p style=\"text-align: right;\"><strong>Lecce \u2013 Stabilimento Tipografico Scipione Ammirato 1879 \u2013 1885<\/strong><\/p>\n<\/blockquote>\n<h1 style=\"text-align: left;\">Notizie Storiche<\/h1>\n<blockquote><p>Alcuni autori sostengono che Alessano fu fondata dai popoli del fiume Ales presso Reggio, altri dagli abitanti di Alessia in Bretagna. Il Tasselli invece sostiene che i natali di questa cittadina sono da attribuire agli \u201c Epiroti naufragati nei nostri mari mentre vi passavano con la flotta di Pirro diretta alla difesa dei Tarantini contro i romani, e che dalla loro citt\u00e0 natale Alessia, l\u2019appellarono Alessano.\u201d<\/p>\n<p>Il giurista Toma assegna ad Alessio Comneno il merito di aver chiamato Alessano, in assonanza con il suo nome, \u201cquell\u2019aggregato di case e tuguri, ch\u2019ivi esisteva&#8230;. L\u2019abbell\u00ec difatti e vi fabbric\u00f2 una torre la quale esiste e dicesi Rivellino di Alessio.\u201d Giacomo Arditi confuta questa teoria sostenendo che Alessano esisteva molto prima del secolo undicesimo in cui visse ed imper\u00f2 Alessio Comneno.<\/p>\n<p>Ricostruire le origini di questa citt\u00e0 \u00e8 perci\u00f2 alquanto difficoltoso. Elementi storici attendibili assicurano che Alessano esisteva e godeva di una certa notoriet\u00e0 ai tempi dei Normanni e che durante la dominazione degli Angioni era il capoluogo della contea che comprendeva i centri abitati di Arigliano, Caprarica, Giuliano, Matino, Miggiano, Montesardo, Pat\u00f9, Presicce,\u00a0 Ruggiano,\u00a0 San Dana, Specchia.<\/p>\n<p>Nel 1286 Rodolfo D\u2019Alneto ebbe in dono da Carlo II d\u2019Angi\u00f2 la contea di Alessano e sua nipote la contessa Caterina la port\u00f2 in dote a Francesco di Diego Della Ratta che spos\u00f2 nel 1336. Dai Della Ratta la contea pass\u00f2 nelle mani dei Del Balzo poi ai De Capua ed infine ai Gonzaga, sotto il cui dominio Alessano raggiunse il massimo splendore. Aumentarono notevolmente gli abitanti e le attivit\u00e0 produttive agricole, artigianali e commerciali. Anche le arti pi\u00f9 nobili come lettere, filosofia e scienze ebbero il loro periodo pi\u00f9 glorioso.<\/p>\n<p>Ettore Brayda, marchese di Lavello, acquist\u00f2 da Ferrante II di Gonzaga il contado e nel 1610 lo divise. Alessano insieme a Castrignano, Giuliano, Arigliano e Pat\u00f9 fu venduto a Fabrizio Guarino, barone di Acquarica, per la somma di 26.500 ducati. Emilio Guarino figlio di Fabrizio spos\u00f2 nel 1616 Maria Paladini dalla quale ebbe tre figlie. La primogenita Laura, prima duchessa di Alessano, spos\u00f2 nel 1643 Filiberto Ayerbo d\u2019Aragona principe di Cassano.<\/p>\n<p style=\"text-align: left;\">\u00a0\u00a0\u00a0\u00a0 Dopo 194 anni di possesso degli Ayerbo, Giuseppe Maria ultimo duca di Alessano e principe di Cassano, non avendo avuto figli, lasci\u00f2 erede universale la moglie Maria Riario Sforza e alla morte di costei nel 1853 successe la nipote Luisa Riario Sforza che nel 1854 spos\u00f2 il Duca della Castellina Antonio Zunica\u00a0 morto nel 1902. Tre anni dopo, venuta a mancare anche la moglie, il castello e le propriet\u00e0 furono vendute.<\/p>\n<\/blockquote>\n<p style=\"text-align: right;\"><em><strong><span style=\"font-size: small;\">(Da\u00a0 \u201cAgenda Turistica: Alessano 2000\u201d <\/span><span style=\"font-size: small;\">A.P.A.<\/span><span style=\"font-size: small;\"> \u2013 Alessano<\/span><\/strong><span style=\"font-size: small;\">)<\/span><\/em><\/p>\n<h1>AMBIENTE &#8211; TERRITORIO &#8211; TRADIZIONI<\/h1>\n<ul>\n<li><strong>Villaggio rupestre di Macurano\u00a0<\/strong><\/li>\n<li>\n<p align=\"left\"><b>Novaglie: la costa<\/b><\/p>\n<\/li>\n<li>\n<p align=\"left\"><b>Le pajare e i muri a secco<\/b><\/p>\n<\/li>\n<li>\n<p align=\"left\"><b>Il bosco di Boceto<\/b><\/p>\n<\/li>\n<li>\n<p align=\"left\"><b>La macchia mediterranea<\/b><\/p>\n<\/li>\n<li>\n<p align=\"left\"><b>Fera Nova<\/b><\/p>\n<\/li>\n<li>\n<p align=\"left\"><b>Festa di S. Antonio<\/b><\/p>\n<\/li>\n<li>\n<p align=\"left\"><b>Fiera di S. Stefano<\/b><\/p>\n<\/li>\n<li>\n<p align=\"left\"><b>Specialit\u00e0 grastronomiche<\/b><\/p>\n<\/li>\n<\/ul>\n<p>&nbsp;<\/p>\n<h1>\u00a0ALESSANO: PANORAMA<\/h1>\n<p>&nbsp;<\/p>\n<p><a href=\"http:\/\/127.0.0.1:4001\/wordpress\/wp-content\/uploads\/2017\/06\/foto-18.10.2005.jpg\"><img loading=\"lazy\" decoding=\"async\" class=\"size-medium wp-image-122 alignleft\" src=\"http:\/\/127.0.0.1:4001\/wordpress\/wp-content\/uploads\/2017\/06\/foto-18.10.2005-300x216.jpg\" alt=\"\" width=\"300\" height=\"216\" srcset=\"https:\/\/www.apa-alessano.com\/wp-content\/uploads\/2017\/06\/foto-18.10.2005-300x216.jpg 300w, https:\/\/www.apa-alessano.com\/wp-content\/uploads\/2017\/06\/foto-18.10.2005-768x552.jpg 768w, https:\/\/www.apa-alessano.com\/wp-content\/uploads\/2017\/06\/foto-18.10.2005-1024x736.jpg 1024w, https:\/\/www.apa-alessano.com\/wp-content\/uploads\/2017\/06\/foto-18.10.2005.jpg 2048w\" sizes=\"auto, (max-width: 300px) 100vw, 300px\" \/><\/a><\/p>\n<p>&nbsp;<\/p>\n<p>&nbsp;<\/p>\n<p>&nbsp;<\/p>\n<p>&nbsp;<\/p>\n<p>&nbsp;<\/p>\n<blockquote><p><em>&#8220;Giace sulla scarpa di un appennino che gli fa riparo a Sud-Ovest, in punto che si eleva di 140 metri sul livello del mare, nei gradi 4, 40, 30 di long. orientale, 39,53,32 di latit. boreale. Il clima vi \u00e8 dolce e salubre; i venti dominanti il Nord e il Sud-Ovest; le acque sotterranee abbondanti, per lo pi\u00f9 potabili a breve profondit\u00e0 dalla superficie; le piovane, a prender norma dai dati offerti dal pluviometro locale nel 1878, cadono pi\u00f9 frequenti e copiose nei mesi di gennaio, marzo, settembre ed in tutto l&#8217;anno sogliono collettivamente raggiungere l&#8217;altezza di mm 724,2.&#8221;<\/em><\/p>\n<p><strong>Cesare Raho<\/strong><\/p><\/blockquote>\n<p>&nbsp;<\/p>\n<p>&nbsp;<\/p>\n<p>&nbsp;<\/p>\n<p>&nbsp;<\/p>\n<h1>STORIA &#8211; ARTE &#8211; CULTURA<\/h1>\n<p>&nbsp;<\/p>\n<ul>\n<li><strong>Palazzo Ducale\u00a0<\/strong><\/li>\n<li>\n<p align=\"left\"><b>Palazzo Legari<\/b><\/p>\n<\/li>\n<li>\n<p align=\"left\"><b>Chiesa SS. Salvatore<\/b><\/p>\n<\/li>\n<li>\n<p align=\"left\"><b>Monastero e Chiesa dei PP. Cappuccini<\/b><\/p>\n<\/li>\n<li>\n<p align=\"left\"><b>Chiesa S. Antonio<\/b><\/p>\n<\/li>\n<li>\n<p align=\"left\"><b>Museo Mariano<\/b><\/p>\n<\/li>\n<li>\n<p align=\"left\"><b>Centro storico<\/b><\/p>\n<\/li>\n<li>\n<p align=\"left\"><b>Cesare Raho<\/b><\/p>\n<\/li>\n<li>\n<p align=\"left\"><b>Oronzo Gabriele Costa<\/b><\/p>\n<\/li>\n<li>\n<p align=\"left\"><b>Don Tonino Bello<\/b><\/p>\n<\/li>\n<\/ul>\n<p>&nbsp;<\/p>\n<div id=\"attachment_119\" style=\"width: 225px\" class=\"wp-caption alignleft\"><a href=\"http:\/\/127.0.0.1:4001\/wordpress\/wp-content\/uploads\/2017\/06\/alessanoarco.jpg\"><img loading=\"lazy\" decoding=\"async\" aria-describedby=\"caption-attachment-119\" class=\"wp-image-119 size-medium\" src=\"http:\/\/127.0.0.1:4001\/wordpress\/wp-content\/uploads\/2017\/06\/alessanoarco-215x300.jpg\" alt=\"\" width=\"215\" height=\"300\" srcset=\"https:\/\/www.apa-alessano.com\/wp-content\/uploads\/2017\/06\/alessanoarco-215x300.jpg 215w, https:\/\/www.apa-alessano.com\/wp-content\/uploads\/2017\/06\/alessanoarco.jpg 468w\" sizes=\"auto, (max-width: 215px) 100vw, 215px\" \/><\/a><p id=\"caption-attachment-119\" class=\"wp-caption-text\">Palazzo Ducale<\/p><\/div>\n<div id=\"attachment_120\" style=\"width: 203px\" class=\"wp-caption alignright\"><a href=\"http:\/\/127.0.0.1:4001\/wordpress\/wp-content\/uploads\/2017\/06\/chiesa-matrice.jpg\"><img loading=\"lazy\" decoding=\"async\" aria-describedby=\"caption-attachment-120\" class=\"wp-image-120 size-medium\" src=\"http:\/\/127.0.0.1:4001\/wordpress\/wp-content\/uploads\/2017\/06\/chiesa-matrice-193x300.jpg\" alt=\"\" width=\"193\" height=\"300\" srcset=\"https:\/\/www.apa-alessano.com\/wp-content\/uploads\/2017\/06\/chiesa-matrice-193x300.jpg 193w, https:\/\/www.apa-alessano.com\/wp-content\/uploads\/2017\/06\/chiesa-matrice.jpg 250w\" sizes=\"auto, (max-width: 193px) 100vw, 193px\" \/><\/a><p id=\"caption-attachment-120\" class=\"wp-caption-text\">Chiesa Matrice<\/p><\/div>\n","protected":false},"excerpt":{"rendered":"<p>Il Territorio \u201cAlessano, sito a mezzogiorno d Lecce, lontano chilometri 55,400, \u2026giace sulla scarpata di un Appennino che gli fa riparo a Sud-Ovest, in un punto che si eleva di 140 metri sul livello del mare, nei gradi 4, 40, 30 di long. Orientale, 39, 53, 32 di latitudine Boreale. Il clima vi \u00e8 dolce [&hellip;]<\/p>\n","protected":false},"author":1,"featured_media":0,"parent":0,"menu_order":0,"comment_status":"closed","ping_status":"closed","template":"","meta":{"_lightning_design_setting":[],"vkexunit_cta_each_option":"","footnotes":""},"class_list":["post-118","page","type-page","status-publish","hentry"],"_links":{"self":[{"href":"https:\/\/www.apa-alessano.com\/index.php?rest_route=\/wp\/v2\/pages\/118","targetHints":{"allow":["GET"]}}],"collection":[{"href":"https:\/\/www.apa-alessano.com\/index.php?rest_route=\/wp\/v2\/pages"}],"about":[{"href":"https:\/\/www.apa-alessano.com\/index.php?rest_route=\/wp\/v2\/types\/page"}],"author":[{"embeddable":true,"href":"https:\/\/www.apa-alessano.com\/index.php?rest_route=\/wp\/v2\/users\/1"}],"replies":[{"embeddable":true,"href":"https:\/\/www.apa-alessano.com\/index.php?rest_route=%2Fwp%2Fv2%2Fcomments&post=118"}],"version-history":[{"count":8,"href":"https:\/\/www.apa-alessano.com\/index.php?rest_route=\/wp\/v2\/pages\/118\/revisions"}],"predecessor-version":[{"id":370,"href":"https:\/\/www.apa-alessano.com\/index.php?rest_route=\/wp\/v2\/pages\/118\/revisions\/370"}],"wp:attachment":[{"href":"https:\/\/www.apa-alessano.com\/index.php?rest_route=%2Fwp%2Fv2%2Fmedia&parent=118"}],"curies":[{"name":"wp","href":"https:\/\/api.w.org\/{rel}","templated":true}]}}