{"id":110,"date":"2017-05-07T10:53:11","date_gmt":"2017-05-07T10:53:11","guid":{"rendered":"http:\/\/127.0.0.1:4001\/wordpress\/?page_id=110"},"modified":"2017-05-07T10:53:11","modified_gmt":"2017-05-07T10:53:11","slug":"lo-statuto","status":"publish","type":"page","link":"https:\/\/www.apa-alessano.com\/?page_id=110","title":{"rendered":"Lo Statuto"},"content":{"rendered":"<p style=\"color: #000000; text-transform: none; text-indent: 0px; letter-spacing: normal; font-family: 'Times New Roman'; font-size: medium; font-style: normal; font-weight: normal; margin-top: 0px; margin-bottom: 0px; word-spacing: 0px; white-space: normal; orphans: 2; widows: 2; font-variant-ligatures: normal; font-variant-caps: normal; -webkit-text-stroke-width: 0px; text-decoration-style: initial; text-decoration-color: initial;\" align=\"justify\">\u00a0\u00a0\u00a0\u00a0 E&#8217; costituita in Alessano una associazione &#8220;A.P.A. Associazione per la Promozione di Alessano&#8221; Centro Culturale, ricreativo e di valorizzazione del territorio, non avente scopi di lucro n\u00e8 perseguente finalit\u00e0 partitiche o politiche.<\/p>\n<p style=\"color: #000000; text-transform: none; text-indent: 0px; letter-spacing: normal; font-family: 'Times New Roman'; font-size: medium; font-style: normal; font-weight: normal; margin-top: 0px; margin-bottom: 0px; word-spacing: 0px; white-space: normal; orphans: 2; widows: 2; font-variant-ligatures: normal; font-variant-caps: normal; -webkit-text-stroke-width: 0px; text-decoration-style: initial; text-decoration-color: initial;\" align=\"center\"><b>Articolo 2<\/b><\/p>\n<p style=\"color: #000000; text-transform: none; text-indent: 0px; letter-spacing: normal; font-family: 'Times New Roman'; font-size: medium; font-style: normal; font-weight: normal; margin-top: 0px; margin-bottom: 0px; word-spacing: 0px; white-space: normal; orphans: 2; widows: 2; font-variant-ligatures: normal; font-variant-caps: normal; -webkit-text-stroke-width: 0px; text-decoration-style: initial; text-decoration-color: initial;\" align=\"justify\">\u00a0\u00a0\u00a0\u00a0 Scopo e fini sociali sono:<\/p>\n<ul style=\"color: #000000; text-transform: none; text-indent: 0px; letter-spacing: normal; font-family: 'Times New Roman'; font-size: medium; font-style: normal; font-weight: normal; word-spacing: 0px; white-space: normal; orphans: 2; widows: 2; font-variant-ligatures: normal; font-variant-caps: normal; -webkit-text-stroke-width: 0px; text-decoration-style: initial; text-decoration-color: initial;\">\n<li>\n<p align=\"justify\">offrire una struttura operativa a tutti coloro che in spirito di amicizia, collaborazione e solidariet\u00e0 intendono prodigarsi per lo sviluppo culturale, civile e sociale della comunit\u00e0 alessanese:<\/p>\n<\/li>\n<li>\n<p align=\"justify\">promuovere manifestazioni artistiche e popolari, con l&#8217;intento di diffondere il dialogo culturale;<\/p>\n<\/li>\n<li>\n<p align=\"justify\">promuovere lavori di spettacolo, di ricerca, di informazione al fine di rivalutare le tradizioni locali;<\/p>\n<\/li>\n<li>\n<p align=\"justify\">promuovere attivit\u00e0 sportive e ricreative per creare delle occasioni di incontro tra la popolazione;<\/p>\n<\/li>\n<\/ul>\n<p style=\"color: #000000; text-transform: none; text-indent: 0px; letter-spacing: normal; font-family: 'Times New Roman'; font-size: medium; font-style: normal; font-weight: normal; margin-top: 0px; margin-bottom: 0px; word-spacing: 0px; white-space: normal; orphans: 2; widows: 2; font-variant-ligatures: normal; font-variant-caps: normal; -webkit-text-stroke-width: 0px; text-decoration-style: initial; text-decoration-color: initial;\" align=\"justify\">per il raggiungimento degli scopi sociali, pertanto la Associazione &#8220;A.P.A&#8221; promuover\u00e0 incontri e dibattiti, gestir\u00e0 spettacoli artistici finalizzati nonch\u00e9 spettacoli culturali, mostre, esposizioni, conferenze, sagre, il tutto finalizzato all&#8217;ottenimento dell&#8217;oggetto sociale.<\/p>\n<p style=\"color: #000000; text-transform: none; text-indent: 0px; letter-spacing: normal; font-family: 'Times New Roman'; font-size: medium; font-style: normal; font-weight: normal; margin-top: 0px; margin-bottom: 0px; word-spacing: 0px; white-space: normal; orphans: 2; widows: 2; font-variant-ligatures: normal; font-variant-caps: normal; -webkit-text-stroke-width: 0px; text-decoration-style: initial; text-decoration-color: initial;\" align=\"center\"><b>Articolo 3<\/b><\/p>\n<p style=\"color: #000000; text-transform: none; text-indent: 0px; letter-spacing: normal; font-family: 'Times New Roman'; font-size: medium; font-style: normal; font-weight: normal; margin-top: 0px; margin-bottom: 0px; word-spacing: 0px; white-space: normal; orphans: 2; widows: 2; font-variant-ligatures: normal; font-variant-caps: normal; -webkit-text-stroke-width: 0px; text-decoration-style: initial; text-decoration-color: initial;\" align=\"justify\"><b>\u00a0<span class=\"Apple-converted-space\">\u00a0<\/span><\/b>\u00a0\u00a0 La sede dell&#8217;associazione \u00e8 in Alessano alla piazza Assunzione. Possono istituirsi altre sedi nello stesso comune.<\/p>\n<p style=\"color: #000000; text-transform: none; text-indent: 0px; letter-spacing: normal; font-family: 'Times New Roman'; font-size: medium; font-style: normal; font-weight: normal; margin-top: 0px; margin-bottom: 0px; word-spacing: 0px; white-space: normal; orphans: 2; widows: 2; font-variant-ligatures: normal; font-variant-caps: normal; -webkit-text-stroke-width: 0px; text-decoration-style: initial; text-decoration-color: initial;\" align=\"center\"><b>Articolo 4<\/b><\/p>\n<p style=\"color: #000000; text-transform: none; text-indent: 0px; letter-spacing: normal; font-family: 'Times New Roman'; font-size: medium; font-style: normal; font-weight: normal; margin-top: 0px; margin-bottom: 0px; word-spacing: 0px; white-space: normal; orphans: 2; widows: 2; font-variant-ligatures: normal; font-variant-caps: normal; -webkit-text-stroke-width: 0px; text-decoration-style: initial; text-decoration-color: initial;\" align=\"justify\">\u00a0\u00a0\u00a0\u00a0 la durata dell&#8217;Associazione \u00e8 fino al 31 dicembre 2030, salvo proroghe o scioglimenti anticipati voluti e deliberati con le maggioranze di legge.<\/p>\n<p style=\"color: #000000; text-transform: none; text-indent: 0px; letter-spacing: normal; font-family: 'Times New Roman'; font-size: medium; font-style: normal; font-weight: normal; margin-top: 0px; margin-bottom: 0px; word-spacing: 0px; white-space: normal; orphans: 2; widows: 2; font-variant-ligatures: normal; font-variant-caps: normal; -webkit-text-stroke-width: 0px; text-decoration-style: initial; text-decoration-color: initial;\" align=\"center\"><b>Articolo 5<\/b><\/p>\n<p style=\"color: #000000; text-transform: none; text-indent: 0px; letter-spacing: normal; font-family: 'Times New Roman'; font-size: medium; font-style: normal; font-weight: normal; margin-top: 0px; margin-bottom: 0px; word-spacing: 0px; white-space: normal; orphans: 2; widows: 2; font-variant-ligatures: normal; font-variant-caps: normal; -webkit-text-stroke-width: 0px; text-decoration-style: initial; text-decoration-color: initial;\" align=\"justify\">\u00a0\u00a0\u00a0\u00a0 Il capitale sociale \u00e8 variabile ed \u00e8 formato dalle quote dei soci. Il capitale iniziale \u00e8 di lire &#8230;&#8230;&#8230;..<\/p>\n<p style=\"color: #000000; text-transform: none; text-indent: 0px; letter-spacing: normal; font-family: 'Times New Roman'; font-size: medium; font-style: normal; font-weight: normal; margin-top: 0px; margin-bottom: 0px; word-spacing: 0px; white-space: normal; orphans: 2; widows: 2; font-variant-ligatures: normal; font-variant-caps: normal; -webkit-text-stroke-width: 0px; text-decoration-style: initial; text-decoration-color: initial;\" align=\"justify\">\u00a0\u00a0\u00a0\u00a0 La quota fissata per la costituzione del capitale iniziale \u00e8 di lire 10.000, questa potr\u00e0 essere modificata o riguardare una categoria di socio, a seconda della volont\u00e0 del Consiglio Direttivo. L&#8217;Associazione pu\u00f2 avere lasciti, donazioni e contributi da parte degli Enti e dai privati.<\/p>\n<p style=\"color: #000000; text-transform: none; text-indent: 0px; letter-spacing: normal; font-family: 'Times New Roman'; font-size: medium; font-style: normal; font-weight: normal; margin-top: 0px; margin-bottom: 0px; word-spacing: 0px; white-space: normal; orphans: 2; widows: 2; font-variant-ligatures: normal; font-variant-caps: normal; -webkit-text-stroke-width: 0px; text-decoration-style: initial; text-decoration-color: initial;\" align=\"center\"><b>Articolo 6<\/b><\/p>\n<p style=\"color: #000000; text-transform: none; text-indent: 0px; letter-spacing: normal; font-family: 'Times New Roman'; font-size: medium; font-style: normal; font-weight: normal; margin-top: 0px; margin-bottom: 0px; word-spacing: 0px; white-space: normal; orphans: 2; widows: 2; font-variant-ligatures: normal; font-variant-caps: normal; -webkit-text-stroke-width: 0px; text-decoration-style: initial; text-decoration-color: initial;\" align=\"justify\">\u00a0\u00a0\u00a0\u00a0 L&#8217;esercizio sociale va dall&#8217;1 gennaio al 31 dicembre di ogni anno. Il primo esercizio si chiude il 31 dicembre 1992.<\/p>\n<p style=\"color: #000000; text-transform: none; text-indent: 0px; letter-spacing: normal; font-family: 'Times New Roman'; font-size: medium; font-style: normal; font-weight: normal; margin-top: 0px; margin-bottom: 0px; word-spacing: 0px; white-space: normal; orphans: 2; widows: 2; font-variant-ligatures: normal; font-variant-caps: normal; -webkit-text-stroke-width: 0px; text-decoration-style: initial; text-decoration-color: initial;\" align=\"center\"><b>Articolo 7<\/b><\/p>\n<p style=\"color: #000000; text-transform: none; text-indent: 0px; letter-spacing: normal; font-family: 'Times New Roman'; font-size: medium; font-style: normal; font-weight: normal; margin-top: 0px; margin-bottom: 0px; word-spacing: 0px; white-space: normal; orphans: 2; widows: 2; font-variant-ligatures: normal; font-variant-caps: normal; -webkit-text-stroke-width: 0px; text-decoration-style: initial; text-decoration-color: initial;\" align=\"justify\">\u00a0\u00a0\u00a0\u00a0 La partecipazione all&#8217;Associazione \u00e8 libera e l&#8217;eventuale opera in seno all&#8217;Associazione \u00e8 da intendersi volontaria.<\/p>\n<p style=\"color: #000000; text-transform: none; text-indent: 0px; letter-spacing: normal; font-family: 'Times New Roman'; font-size: medium; font-style: normal; font-weight: normal; margin-top: 0px; margin-bottom: 0px; word-spacing: 0px; white-space: normal; orphans: 2; widows: 2; font-variant-ligatures: normal; font-variant-caps: normal; -webkit-text-stroke-width: 0px; text-decoration-style: initial; text-decoration-color: initial;\" align=\"justify\">\u00a0\u00a0\u00a0\u00a0 Possono divenire soci tutti coloro che facendone richiesta scritta, saranno accettati dal Consiglio Direttivo; possono inoltre partecipare Fondazioni, Societ\u00e0, Cooperative ed altri Enti tramite un loro rappresentante con la sola ed espressa esclusione dei partiti politici.<\/p>\n<p style=\"color: #000000; text-transform: none; text-indent: 0px; letter-spacing: normal; font-family: 'Times New Roman'; font-size: medium; font-style: normal; font-weight: normal; margin-top: 0px; margin-bottom: 0px; word-spacing: 0px; white-space: normal; orphans: 2; widows: 2; font-variant-ligatures: normal; font-variant-caps: normal; -webkit-text-stroke-width: 0px; text-decoration-style: initial; text-decoration-color: initial;\" align=\"center\"><b>Articolo 8<\/b><\/p>\n<p style=\"color: #000000; text-transform: none; text-indent: 0px; letter-spacing: normal; font-family: 'Times New Roman'; font-size: medium; font-style: normal; font-weight: normal; margin-top: 0px; margin-bottom: 0px; word-spacing: 0px; white-space: normal; orphans: 2; widows: 2; font-variant-ligatures: normal; font-variant-caps: normal; -webkit-text-stroke-width: 0px; text-decoration-style: initial; text-decoration-color: initial;\" align=\"justify\">\u00a0\u00a0\u00a0\u00a0 I soci si distinguono:<\/p>\n<ul style=\"color: #000000; text-transform: none; text-indent: 0px; letter-spacing: normal; font-family: 'Times New Roman'; font-size: medium; font-style: normal; font-weight: normal; word-spacing: 0px; white-space: normal; orphans: 2; widows: 2; font-variant-ligatures: normal; font-variant-caps: normal; -webkit-text-stroke-width: 0px; text-decoration-style: initial; text-decoration-color: initial;\">\n<li>\n<p align=\"justify\">soci fondatori, che sono coloro che sottoscrivono l&#8217;atto costitutivo;<\/p>\n<\/li>\n<li>\n<p align=\"justify\">soci ordinari coloro che entreranno successivamente;<\/p>\n<\/li>\n<li>\n<p align=\"justify\">soci onorari, coloro che si siano particolarmente distinti nel campo della cultura o nel sociale. Tale nomina in ordine di non pi\u00f9 di una all&#8217;anno, sar\u00e0 attribuita dal Consiglio Direttivo. il socio onorario non \u00e8 tenuto a corrispondere la quota annuale.<\/p>\n<\/li>\n<li>\n<p align=\"justify\">Soci &#8220;gruppo giovani&#8221; tutti i minori di anni 18 che non sono tenuti al pagamento della quota e la cui domanda di adesione dovr\u00e0 riportare oltre alla firma del giovane anche quella di uno dei genitori. Non hanno diritto al voto.<\/p>\n<\/li>\n<\/ul>\n<p style=\"color: #000000; text-transform: none; text-indent: 0px; letter-spacing: normal; font-family: 'Times New Roman'; font-size: medium; font-style: normal; font-weight: normal; margin-top: 0px; margin-bottom: 0px; word-spacing: 0px; white-space: normal; orphans: 2; widows: 2; font-variant-ligatures: normal; font-variant-caps: normal; -webkit-text-stroke-width: 0px; text-decoration-style: initial; text-decoration-color: initial;\" align=\"center\"><b>Articolo 9<\/b><\/p>\n<p style=\"color: #000000; text-transform: none; text-indent: 0px; letter-spacing: normal; font-family: 'Times New Roman'; font-size: medium; font-style: normal; font-weight: normal; margin-top: 0px; margin-bottom: 0px; word-spacing: 0px; white-space: normal; orphans: 2; widows: 2; font-variant-ligatures: normal; font-variant-caps: normal; -webkit-text-stroke-width: 0px; text-decoration-style: initial; text-decoration-color: initial;\" align=\"justify\">\u00a0\u00a0\u00a0\u00a0 Il socio ha diritto di partecipare fattivamente alla vita sociale dando disponibilit\u00e0 di tempo e di partecipazione culturale e la sua opera \u00e8 esclusivamente volontaria.<\/p>\n<p style=\"color: #000000; text-transform: none; text-indent: 0px; letter-spacing: normal; font-family: 'Times New Roman'; font-size: medium; font-style: normal; font-weight: normal; margin-top: 0px; margin-bottom: 0px; word-spacing: 0px; white-space: normal; orphans: 2; widows: 2; font-variant-ligatures: normal; font-variant-caps: normal; -webkit-text-stroke-width: 0px; text-decoration-style: initial; text-decoration-color: initial;\" align=\"center\"><b>Articolo 10<\/b><\/p>\n<p style=\"color: #000000; text-transform: none; text-indent: 0px; letter-spacing: normal; font-family: 'Times New Roman'; font-size: medium; font-style: normal; font-weight: normal; margin-top: 0px; margin-bottom: 0px; word-spacing: 0px; white-space: normal; orphans: 2; widows: 2; font-variant-ligatures: normal; font-variant-caps: normal; -webkit-text-stroke-width: 0px; text-decoration-style: initial; text-decoration-color: initial;\" align=\"justify\">\u00a0\u00a0\u00a0\u00a0 L&#8217;Associazione \u00e8 retta da un Consiglio Direttivo, da un Comitato probiviri e dalla assemblea dei soci.<\/p>\n<p style=\"color: #000000; text-transform: none; text-indent: 0px; letter-spacing: normal; font-family: 'Times New Roman'; font-size: medium; font-style: normal; font-weight: normal; margin-top: 0px; margin-bottom: 0px; word-spacing: 0px; white-space: normal; orphans: 2; widows: 2; font-variant-ligatures: normal; font-variant-caps: normal; -webkit-text-stroke-width: 0px; text-decoration-style: initial; text-decoration-color: initial;\" align=\"center\"><b>Articolo 11<\/b><\/p>\n<p style=\"color: #000000; text-transform: none; text-indent: 0px; letter-spacing: normal; font-family: 'Times New Roman'; font-size: medium; font-style: normal; font-weight: normal; margin-top: 0px; margin-bottom: 0px; word-spacing: 0px; white-space: normal; orphans: 2; widows: 2; font-variant-ligatures: normal; font-variant-caps: normal; -webkit-text-stroke-width: 0px; text-decoration-style: initial; text-decoration-color: initial;\" align=\"justify\">\u00a0\u00a0\u00a0\u00a0 Il Consiglio Direttivo \u00e8 formato da sette soci; questi tra loro nomineranno il Presidente il vicepresidente e il segretario-economo.<\/p>\n<p style=\"color: #000000; text-transform: none; text-indent: 0px; letter-spacing: normal; font-family: 'Times New Roman'; font-size: medium; font-style: normal; font-weight: normal; margin-top: 0px; margin-bottom: 0px; word-spacing: 0px; white-space: normal; orphans: 2; widows: 2; font-variant-ligatures: normal; font-variant-caps: normal; -webkit-text-stroke-width: 0px; text-decoration-style: initial; text-decoration-color: initial;\" align=\"center\"><b>Articolo 12<\/b><\/p>\n<p style=\"color: #000000; text-transform: none; text-indent: 0px; letter-spacing: normal; font-family: 'Times New Roman'; font-size: medium; font-style: normal; font-weight: normal; margin-top: 0px; margin-bottom: 0px; word-spacing: 0px; white-space: normal; orphans: 2; widows: 2; font-variant-ligatures: normal; font-variant-caps: normal; -webkit-text-stroke-width: 0px; text-decoration-style: initial; text-decoration-color: initial;\" align=\"justify\">\u00a0\u00a0\u00a0\u00a0 Il consigliere assente per tre sedute consecutive, ancorch\u00e9 giustificate, \u00e8 considerato dimissionario e verr\u00e0 surrogato con l&#8217;altro socio scelto a maggioranza del Consiglio Direttivo e durer\u00e0 in carica fino al rinnovo dell&#8217;organo direttivo.<\/p>\n<p style=\"color: #000000; text-transform: none; text-indent: 0px; letter-spacing: normal; font-family: 'Times New Roman'; font-size: medium; font-style: normal; font-weight: normal; margin-top: 0px; margin-bottom: 0px; word-spacing: 0px; white-space: normal; orphans: 2; widows: 2; font-variant-ligatures: normal; font-variant-caps: normal; -webkit-text-stroke-width: 0px; text-decoration-style: initial; text-decoration-color: initial;\" align=\"center\"><b>Articolo 13<\/b><\/p>\n<p style=\"color: #000000; text-transform: none; text-indent: 0px; letter-spacing: normal; font-family: 'Times New Roman'; font-size: medium; font-style: normal; font-weight: normal; margin-top: 0px; margin-bottom: 0px; word-spacing: 0px; white-space: normal; orphans: 2; widows: 2; font-variant-ligatures: normal; font-variant-caps: normal; -webkit-text-stroke-width: 0px; text-decoration-style: initial; text-decoration-color: initial;\" align=\"justify\">\u00a0\u00a0\u00a0\u00a0 Il Consiglio Direttivo dovr\u00e0 riunirsi con frequenza mensile e ogni qualvolta il presidente lo riterr\u00e0 opportuno. Il Consiglio, avr\u00e0 cura di redigere un regolamento interno , di procedere alla nomina di responsabili per i diversi settori in cui l&#8217;Associazione opera.<\/p>\n<p style=\"color: #000000; text-transform: none; text-indent: 0px; letter-spacing: normal; font-family: 'Times New Roman'; font-size: medium; font-style: normal; font-weight: normal; margin-top: 0px; margin-bottom: 0px; word-spacing: 0px; white-space: normal; orphans: 2; widows: 2; font-variant-ligatures: normal; font-variant-caps: normal; -webkit-text-stroke-width: 0px; text-decoration-style: initial; text-decoration-color: initial;\" align=\"center\"><b>Articolo 14<\/b><\/p>\n<p style=\"color: #000000; text-transform: none; text-indent: 0px; letter-spacing: normal; font-family: 'Times New Roman'; font-size: medium; font-style: normal; font-weight: normal; margin-top: 0px; margin-bottom: 0px; word-spacing: 0px; white-space: normal; orphans: 2; widows: 2; font-variant-ligatures: normal; font-variant-caps: normal; -webkit-text-stroke-width: 0px; text-decoration-style: initial; text-decoration-color: initial;\" align=\"justify\"><b>\u00a0\u00a0\u00a0\u00a0<span class=\"Apple-converted-space\">\u00a0<\/span><\/b>Non sono previsti compensi per i componenti del Consiglio . Eventuali rimborsi spese dovranno essere anticipatamente autorizzati e successivamente validamente documentate.<\/p>\n<p style=\"color: #000000; text-transform: none; text-indent: 0px; letter-spacing: normal; font-family: 'Times New Roman'; font-size: medium; font-style: normal; font-weight: normal; margin-top: 0px; margin-bottom: 0px; word-spacing: 0px; white-space: normal; orphans: 2; widows: 2; font-variant-ligatures: normal; font-variant-caps: normal; -webkit-text-stroke-width: 0px; text-decoration-style: initial; text-decoration-color: initial;\" align=\"center\"><b>Articolo 15<\/b><\/p>\n<p style=\"color: #000000; text-transform: none; text-indent: 0px; letter-spacing: normal; font-family: 'Times New Roman'; font-size: medium; font-style: normal; font-weight: normal; margin-top: 0px; margin-bottom: 0px; word-spacing: 0px; white-space: normal; orphans: 2; widows: 2; font-variant-ligatures: normal; font-variant-caps: normal; -webkit-text-stroke-width: 0px; text-decoration-style: initial; text-decoration-color: initial;\" align=\"justify\">\u00a0\u00a0\u00a0\u00a0 Il Comitato dei Probiviri sar\u00e0 composto da tre membri nominati tra i soci. Tra loro eleggeranno il presidente e fungeranno da amichevoli compositori con giudizio inappellabile ad esclusione di tutto quanto per la scelta o per legge \u00e8 di competenza della giustizia ordinaria.<\/p>\n<p style=\"color: #000000; text-transform: none; text-indent: 0px; letter-spacing: normal; font-family: 'Times New Roman'; font-size: medium; font-style: normal; font-weight: normal; margin-top: 0px; margin-bottom: 0px; word-spacing: 0px; white-space: normal; orphans: 2; widows: 2; font-variant-ligatures: normal; font-variant-caps: normal; -webkit-text-stroke-width: 0px; text-decoration-style: initial; text-decoration-color: initial;\" align=\"center\"><b>Articolo 16<\/b><\/p>\n<p style=\"color: #000000; text-transform: none; text-indent: 0px; letter-spacing: normal; font-family: 'Times New Roman'; font-size: medium; font-style: normal; font-weight: normal; margin-top: 0px; margin-bottom: 0px; word-spacing: 0px; white-space: normal; orphans: 2; widows: 2; font-variant-ligatures: normal; font-variant-caps: normal; -webkit-text-stroke-width: 0px; text-decoration-style: initial; text-decoration-color: initial;\" align=\"justify\">\u00a0\u00a0\u00a0\u00a0 L&#8217;Assemblea dei soci dovr\u00e0 essere convocata ogni anno, per l&#8217;accettazione dei bilanci e per la nomina delle cariche sociali. Potr\u00e0 inolte essere convocata ogni qualvolta lo decider\u00e0 il Consiglio o lo richieder\u00e0 almeno un terzo dei soci votati. la convocazione avverr\u00e0 con avviso affisso nella sede della societ\u00e0 e da fare almeno tre giorni prima della adunanza e dovr\u00e0 riportare l&#8217;ora, il luogo e gli argomenti che dovranno essere trattati . Tanto il Consiglio quanto il Comitato dei probiviri durano in carica tre anni e i loro membri possono essere rieletti. L&#8217;Assemblea si esprimer\u00e0 a maggioranza dei soci presenti; ogni socio in assemblea pu\u00f2 rappresentare un altro socio.<\/p>\n<p style=\"color: #000000; text-transform: none; text-indent: 0px; letter-spacing: normal; font-family: 'Times New Roman'; font-size: medium; font-style: normal; font-weight: normal; margin-top: 0px; margin-bottom: 0px; word-spacing: 0px; white-space: normal; orphans: 2; widows: 2; font-variant-ligatures: normal; font-variant-caps: normal; -webkit-text-stroke-width: 0px; text-decoration-style: initial; text-decoration-color: initial;\" align=\"center\"><b>Articolo 17<\/b><\/p>\n<p style=\"color: #000000; text-transform: none; text-indent: 0px; letter-spacing: normal; font-family: 'Times New Roman'; font-size: medium; font-style: normal; font-weight: normal; margin-top: 0px; margin-bottom: 0px; word-spacing: 0px; white-space: normal; orphans: 2; widows: 2; font-variant-ligatures: normal; font-variant-caps: normal; -webkit-text-stroke-width: 0px; text-decoration-style: initial; text-decoration-color: initial;\" align=\"justify\">\u00a0\u00a0\u00a0\u00a0 L&#8217;Associazione avr\u00e0 cura di pubblicare un bollettino informativo riguardante le attivit\u00e0 programmate e quale mezzo di divulgazione e confronto delle esperienze locali.<\/p>\n<p style=\"color: #000000; text-transform: none; text-indent: 0px; letter-spacing: normal; font-family: 'Times New Roman'; font-size: medium; font-style: normal; font-weight: normal; margin-top: 0px; margin-bottom: 0px; word-spacing: 0px; white-space: normal; orphans: 2; widows: 2; font-variant-ligatures: normal; font-variant-caps: normal; -webkit-text-stroke-width: 0px; text-decoration-style: initial; text-decoration-color: initial;\" align=\"center\"><b>Articolo 18<\/b><\/p>\n<p style=\"color: #000000; text-transform: none; text-indent: 0px; letter-spacing: normal; font-family: 'Times New Roman'; font-size: medium; font-style: normal; font-weight: normal; margin-top: 0px; margin-bottom: 0px; word-spacing: 0px; white-space: normal; orphans: 2; widows: 2; font-variant-ligatures: normal; font-variant-caps: normal; -webkit-text-stroke-width: 0px; text-decoration-style: initial; text-decoration-color: initial;\" align=\"justify\">\u00a0\u00a0\u00a0\u00a0 Per quanto non previsto nel presente Statuto, si fa&#8217; espresso riferimento alle norme di legge vigenti in tema di associazione.<\/p>\n","protected":false},"excerpt":{"rendered":"<p>\u00a0\u00a0\u00a0\u00a0 E&#8217; costituita in Alessano una associazione &#8220;A.P.A. Associazione per la Promozione di Alessano&#8221; Centro Culturale, ricreativo e di valorizzazione del territorio, non avente scopi di lucro n\u00e8 perseguente finalit\u00e0 partitiche o politiche. Articolo 2 \u00a0\u00a0\u00a0\u00a0 Scopo e fini sociali sono: offrire una struttura operativa a tutti coloro che in spirito di amicizia, collaborazione e [&hellip;]<\/p>\n","protected":false},"author":1,"featured_media":0,"parent":0,"menu_order":0,"comment_status":"closed","ping_status":"closed","template":"","meta":{"_lightning_design_setting":[],"vkexunit_cta_each_option":"","footnotes":""},"class_list":["post-110","page","type-page","status-publish","hentry"],"_links":{"self":[{"href":"https:\/\/www.apa-alessano.com\/index.php?rest_route=\/wp\/v2\/pages\/110","targetHints":{"allow":["GET"]}}],"collection":[{"href":"https:\/\/www.apa-alessano.com\/index.php?rest_route=\/wp\/v2\/pages"}],"about":[{"href":"https:\/\/www.apa-alessano.com\/index.php?rest_route=\/wp\/v2\/types\/page"}],"author":[{"embeddable":true,"href":"https:\/\/www.apa-alessano.com\/index.php?rest_route=\/wp\/v2\/users\/1"}],"replies":[{"embeddable":true,"href":"https:\/\/www.apa-alessano.com\/index.php?rest_route=%2Fwp%2Fv2%2Fcomments&post=110"}],"version-history":[{"count":2,"href":"https:\/\/www.apa-alessano.com\/index.php?rest_route=\/wp\/v2\/pages\/110\/revisions"}],"predecessor-version":[{"id":112,"href":"https:\/\/www.apa-alessano.com\/index.php?rest_route=\/wp\/v2\/pages\/110\/revisions\/112"}],"wp:attachment":[{"href":"https:\/\/www.apa-alessano.com\/index.php?rest_route=%2Fwp%2Fv2%2Fmedia&parent=110"}],"curies":[{"name":"wp","href":"https:\/\/api.w.org\/{rel}","templated":true}]}}